{"id":545,"date":"2024-01-04T18:22:16","date_gmt":"2024-01-04T17:22:16","guid":{"rendered":"https:\/\/www.magnani1404.com\/?page_id=545"},"modified":"2025-03-13T15:51:51","modified_gmt":"2025-03-13T14:51:51","slug":"about","status":"publish","type":"page","link":"https:\/\/www.magnani1404.com\/es\/about\/","title":{"rendered":"A prop\u00f3sito"},"content":{"rendered":"","protected":false},"excerpt":{"rendered":"","protected":false},"author":1,"featured_media":0,"parent":0,"menu_order":2,"comment_status":"closed","ping_status":"closed","template":"","meta":{"_acf_changed":false,"inline_featured_image":false,"footnotes":""},"class_list":["post-545","page","type-page","status-publish","hentry"],"acf":[],"yoast_head":"<!-- This site is optimized with the Yoast SEO plugin v26.3 - https:\/\/yoast.com\/wordpress\/plugins\/seo\/ -->\n<title>A prop\u00f3sito | Magnani 1404<\/title>\n<meta name=\"description\" content=\"Explora con nosotros la fascinante historia de la f\u00e1brica de papel Magnani y sum\u00e9rgete en la artesan\u00eda que da vida a nuestros extraordinarios productos\" \/>\n<meta name=\"robots\" content=\"index, follow, max-snippet:-1, max-image-preview:large, max-video-preview:-1\" \/>\n<link rel=\"canonical\" href=\"https:\/\/www.magnani1404.com\/es\/about\/\" \/>\n<meta property=\"og:locale\" content=\"es_ES\" \/>\n<meta property=\"og:type\" content=\"article\" \/>\n<meta property=\"og:title\" content=\"A prop\u00f3sito | Magnani 1404\" \/>\n<meta property=\"og:description\" content=\"Explora con nosotros la fascinante historia de la f\u00e1brica de papel Magnani y sum\u00e9rgete en la artesan\u00eda que da vida a nuestros extraordinarios productos\" \/>\n<meta property=\"og:url\" content=\"https:\/\/www.magnani1404.com\/es\/about\/\" \/>\n<meta property=\"og:site_name\" content=\"Magnani 1404\" \/>\n<meta property=\"article:modified_time\" content=\"2025-03-13T14:51:51+00:00\" \/>\n<meta name=\"twitter:card\" content=\"summary_large_image\" \/>\n<script type=\"application\/ld+json\" class=\"yoast-schema-graph\">{\"@context\":\"https:\/\/schema.org\",\"@graph\":[{\"@type\":\"WebPage\",\"@id\":\"https:\/\/www.magnani1404.com\/es\/about\/\",\"url\":\"https:\/\/www.magnani1404.com\/es\/about\/\",\"name\":\"A prop\u00f3sito | Magnani 1404\",\"isPartOf\":{\"@id\":\"https:\/\/www.magnani1404.com\/es\/#website\"},\"datePublished\":\"2024-01-04T17:22:16+00:00\",\"dateModified\":\"2025-03-13T14:51:51+00:00\",\"description\":\"Explora con nosotros la fascinante historia de la f\u00e1brica de papel Magnani y sum\u00e9rgete en la artesan\u00eda que da vida a nuestros extraordinarios productos\",\"breadcrumb\":{\"@id\":\"https:\/\/www.magnani1404.com\/es\/about\/#breadcrumb\"},\"inLanguage\":\"es-ES\",\"potentialAction\":[{\"@type\":\"ReadAction\",\"target\":[\"https:\/\/www.magnani1404.com\/es\/about\/\"]}]},{\"@type\":\"BreadcrumbList\",\"@id\":\"https:\/\/www.magnani1404.com\/es\/about\/#breadcrumb\",\"itemListElement\":[{\"@type\":\"ListItem\",\"position\":1,\"name\":\"Home\",\"item\":\"https:\/\/www.magnani1404.com\/es\/\"},{\"@type\":\"ListItem\",\"position\":2,\"name\":\"A prop\u00f3sito\"}]},{\"@type\":\"WebSite\",\"@id\":\"https:\/\/www.magnani1404.com\/es\/#website\",\"url\":\"https:\/\/www.magnani1404.com\/es\/\",\"name\":\"Magnani 1404\",\"description\":\"The very essence of fine arts paper\",\"potentialAction\":[{\"@type\":\"SearchAction\",\"target\":{\"@type\":\"EntryPoint\",\"urlTemplate\":\"https:\/\/www.magnani1404.com\/es\/?s={search_term_string}\"},\"query-input\":{\"@type\":\"PropertyValueSpecification\",\"valueRequired\":true,\"valueName\":\"search_term_string\"}}],\"inLanguage\":\"es-ES\"}]}<\/script>\n<!-- \/ Yoast SEO plugin. -->","yoast_head_json":{"title":"A prop\u00f3sito | Magnani 1404","description":"Explora con nosotros la fascinante historia de la f\u00e1brica de papel Magnani y sum\u00e9rgete en la artesan\u00eda que da vida a nuestros extraordinarios productos","robots":{"index":"index","follow":"follow","max-snippet":"max-snippet:-1","max-image-preview":"max-image-preview:large","max-video-preview":"max-video-preview:-1"},"canonical":"https:\/\/www.magnani1404.com\/es\/about\/","og_locale":"es_ES","og_type":"article","og_title":"A prop\u00f3sito | Magnani 1404","og_description":"Explora con nosotros la fascinante historia de la f\u00e1brica de papel Magnani y sum\u00e9rgete en la artesan\u00eda que da vida a nuestros extraordinarios productos","og_url":"https:\/\/www.magnani1404.com\/es\/about\/","og_site_name":"Magnani 1404","article_modified_time":"2025-03-13T14:51:51+00:00","twitter_card":"summary_large_image","schema":{"@context":"https:\/\/schema.org","@graph":[{"@type":"WebPage","@id":"https:\/\/www.magnani1404.com\/es\/about\/","url":"https:\/\/www.magnani1404.com\/es\/about\/","name":"A prop\u00f3sito | Magnani 1404","isPartOf":{"@id":"https:\/\/www.magnani1404.com\/es\/#website"},"datePublished":"2024-01-04T17:22:16+00:00","dateModified":"2025-03-13T14:51:51+00:00","description":"Explora con nosotros la fascinante historia de la f\u00e1brica de papel Magnani y sum\u00e9rgete en la artesan\u00eda que da vida a nuestros extraordinarios productos","breadcrumb":{"@id":"https:\/\/www.magnani1404.com\/es\/about\/#breadcrumb"},"inLanguage":"es-ES","potentialAction":[{"@type":"ReadAction","target":["https:\/\/www.magnani1404.com\/es\/about\/"]}]},{"@type":"BreadcrumbList","@id":"https:\/\/www.magnani1404.com\/es\/about\/#breadcrumb","itemListElement":[{"@type":"ListItem","position":1,"name":"Home","item":"https:\/\/www.magnani1404.com\/es\/"},{"@type":"ListItem","position":2,"name":"A prop\u00f3sito"}]},{"@type":"WebSite","@id":"https:\/\/www.magnani1404.com\/es\/#website","url":"https:\/\/www.magnani1404.com\/es\/","name":"Magnani 1404","description":"The very essence of fine arts paper","potentialAction":[{"@type":"SearchAction","target":{"@type":"EntryPoint","urlTemplate":"https:\/\/www.magnani1404.com\/es\/?s={search_term_string}"},"query-input":{"@type":"PropertyValueSpecification","valueRequired":true,"valueName":"search_term_string"}}],"inLanguage":"es-ES"}]}},"_links":{"self":[{"href":"https:\/\/www.magnani1404.com\/es\/wp-json\/wp\/v2\/pages\/545","targetHints":{"allow":["GET"]}}],"collection":[{"href":"https:\/\/www.magnani1404.com\/es\/wp-json\/wp\/v2\/pages"}],"about":[{"href":"https:\/\/www.magnani1404.com\/es\/wp-json\/wp\/v2\/types\/page"}],"author":[{"embeddable":true,"href":"https:\/\/www.magnani1404.com\/es\/wp-json\/wp\/v2\/users\/1"}],"replies":[{"embeddable":true,"href":"https:\/\/www.magnani1404.com\/es\/wp-json\/wp\/v2\/comments?post=545"}],"version-history":[{"count":9,"href":"https:\/\/www.magnani1404.com\/es\/wp-json\/wp\/v2\/pages\/545\/revisions"}],"predecessor-version":[{"id":2201,"href":"https:\/\/www.magnani1404.com\/es\/wp-json\/wp\/v2\/pages\/545\/revisions\/2201"}],"wp:attachment":[{"href":"https:\/\/www.magnani1404.com\/es\/wp-json\/wp\/v2\/media?parent=545"}],"curies":[{"name":"wp","href":"https:\/\/api.w.org\/{rel}","templated":true}]}}