{"id":549,"date":"2024-01-04T18:23:13","date_gmt":"2024-01-04T17:23:13","guid":{"rendered":"https:\/\/www.magnani1404.com\/?page_id=549"},"modified":"2024-06-18T16:21:00","modified_gmt":"2024-06-18T14:21:00","slug":"magnani-1404","status":"publish","type":"page","link":"https:\/\/www.magnani1404.com\/fr\/about\/magnani-1404\/","title":{"rendered":"Magnani 1404"},"content":{"rendered":"","protected":false},"excerpt":{"rendered":"","protected":false},"author":1,"featured_media":350,"parent":543,"menu_order":3,"comment_status":"closed","ping_status":"closed","template":"","meta":{"_acf_changed":false,"inline_featured_image":false,"footnotes":""},"class_list":["post-549","page","type-page","status-publish","has-post-thumbnail","hentry"],"acf":[],"yoast_head":"<!-- This site is optimized with the Yoast SEO plugin v26.3 - https:\/\/yoast.com\/wordpress\/plugins\/seo\/ -->\n<title>Magnani 1404\u00a0: de l\u2019histoire \u00e0 nos jours<\/title>\n<meta name=\"description\" content=\"L\u2019histoire de Magnani 1404 d\u00e9bute dans la Toscane du XVe si\u00e8cle, au cours duquel la premi\u00e8re papeterie artisanale fut inaugur\u00e9e au c\u0153ur d\u2019un moulin situ\u00e9 sur les berges de la rivi\u00e8re Pescia.\" \/>\n<meta name=\"robots\" content=\"index, follow, max-snippet:-1, max-image-preview:large, max-video-preview:-1\" \/>\n<link rel=\"canonical\" href=\"https:\/\/www.magnani1404.com\/fr\/about\/magnani-1404\/\" \/>\n<meta property=\"og:locale\" content=\"fr_FR\" \/>\n<meta property=\"og:type\" content=\"article\" \/>\n<meta property=\"og:title\" content=\"Magnani 1404\u00a0: de l\u2019histoire \u00e0 nos jours\" \/>\n<meta property=\"og:description\" content=\"L\u2019histoire de Magnani 1404 d\u00e9bute dans la Toscane du XVe si\u00e8cle, au cours duquel la premi\u00e8re papeterie artisanale fut inaugur\u00e9e au c\u0153ur d\u2019un moulin situ\u00e9 sur les berges de la rivi\u00e8re Pescia.\" \/>\n<meta property=\"og:url\" content=\"https:\/\/www.magnani1404.com\/fr\/about\/magnani-1404\/\" \/>\n<meta property=\"og:site_name\" content=\"Magnani 1404\" \/>\n<meta property=\"article:modified_time\" content=\"2024-06-18T14:21:00+00:00\" \/>\n<meta property=\"og:image\" content=\"https:\/\/www.magnani1404.com\/app\/uploads\/2024\/01\/magnani1404-about-hero-engraving.jpg\" \/>\n\t<meta property=\"og:image:width\" content=\"1700\" \/>\n\t<meta property=\"og:image:height\" content=\"2560\" \/>\n\t<meta property=\"og:image:type\" content=\"image\/jpeg\" \/>\n<meta name=\"twitter:card\" content=\"summary_large_image\" \/>\n<meta name=\"twitter:label1\" content=\"Dur\u00e9e de lecture estim\u00e9e\" \/>\n\t<meta name=\"twitter:data1\" content=\"1 minute\" \/>\n<script type=\"application\/ld+json\" class=\"yoast-schema-graph\">{\"@context\":\"https:\/\/schema.org\",\"@graph\":[{\"@type\":\"WebPage\",\"@id\":\"https:\/\/www.magnani1404.com\/fr\/about\/magnani-1404\/\",\"url\":\"https:\/\/www.magnani1404.com\/fr\/about\/magnani-1404\/\",\"name\":\"Magnani 1404\u00a0: de l\u2019histoire \u00e0 nos jours\",\"isPartOf\":{\"@id\":\"https:\/\/www.magnani1404.com\/fr\/#website\"},\"primaryImageOfPage\":{\"@id\":\"https:\/\/www.magnani1404.com\/fr\/about\/magnani-1404\/#primaryimage\"},\"image\":{\"@id\":\"https:\/\/www.magnani1404.com\/fr\/about\/magnani-1404\/#primaryimage\"},\"thumbnailUrl\":\"https:\/\/www.magnani1404.com\/app\/uploads\/2024\/01\/magnani1404-about-hero-engraving.jpg\",\"datePublished\":\"2024-01-04T17:23:13+00:00\",\"dateModified\":\"2024-06-18T14:21:00+00:00\",\"description\":\"L\u2019histoire de Magnani 1404 d\u00e9bute dans la Toscane du XVe si\u00e8cle, au cours duquel la premi\u00e8re papeterie artisanale fut inaugur\u00e9e au c\u0153ur d\u2019un moulin situ\u00e9 sur les berges de la rivi\u00e8re Pescia.\",\"breadcrumb\":{\"@id\":\"https:\/\/www.magnani1404.com\/fr\/about\/magnani-1404\/#breadcrumb\"},\"inLanguage\":\"fr-FR\",\"potentialAction\":[{\"@type\":\"ReadAction\",\"target\":[\"https:\/\/www.magnani1404.com\/fr\/about\/magnani-1404\/\"]}]},{\"@type\":\"ImageObject\",\"inLanguage\":\"fr-FR\",\"@id\":\"https:\/\/www.magnani1404.com\/fr\/about\/magnani-1404\/#primaryimage\",\"url\":\"https:\/\/www.magnani1404.com\/app\/uploads\/2024\/01\/magnani1404-about-hero-engraving.jpg\",\"contentUrl\":\"https:\/\/www.magnani1404.com\/app\/uploads\/2024\/01\/magnani1404-about-hero-engraving.jpg\",\"width\":1700,\"height\":2560},{\"@type\":\"BreadcrumbList\",\"@id\":\"https:\/\/www.magnani1404.com\/fr\/about\/magnani-1404\/#breadcrumb\",\"itemListElement\":[{\"@type\":\"ListItem\",\"position\":1,\"name\":\"Home\",\"item\":\"https:\/\/www.magnani1404.com\/fr\/\"},{\"@type\":\"ListItem\",\"position\":2,\"name\":\"Origines\",\"item\":\"https:\/\/www.magnani1404.com\/fr\/about\/\"},{\"@type\":\"ListItem\",\"position\":3,\"name\":\"Magnani 1404\"}]},{\"@type\":\"WebSite\",\"@id\":\"https:\/\/www.magnani1404.com\/fr\/#website\",\"url\":\"https:\/\/www.magnani1404.com\/fr\/\",\"name\":\"Magnani 1404\",\"description\":\"The very essence of fine arts paper\",\"potentialAction\":[{\"@type\":\"SearchAction\",\"target\":{\"@type\":\"EntryPoint\",\"urlTemplate\":\"https:\/\/www.magnani1404.com\/fr\/?s={search_term_string}\"},\"query-input\":{\"@type\":\"PropertyValueSpecification\",\"valueRequired\":true,\"valueName\":\"search_term_string\"}}],\"inLanguage\":\"fr-FR\"}]}<\/script>\n<!-- \/ Yoast SEO plugin. -->","yoast_head_json":{"title":"Magnani 1404\u00a0: de l\u2019histoire \u00e0 nos jours","description":"L\u2019histoire de Magnani 1404 d\u00e9bute dans la Toscane du XVe si\u00e8cle, au cours duquel la premi\u00e8re papeterie artisanale fut inaugur\u00e9e au c\u0153ur d\u2019un moulin situ\u00e9 sur les berges de la rivi\u00e8re Pescia.","robots":{"index":"index","follow":"follow","max-snippet":"max-snippet:-1","max-image-preview":"max-image-preview:large","max-video-preview":"max-video-preview:-1"},"canonical":"https:\/\/www.magnani1404.com\/fr\/about\/magnani-1404\/","og_locale":"fr_FR","og_type":"article","og_title":"Magnani 1404\u00a0: de l\u2019histoire \u00e0 nos jours","og_description":"L\u2019histoire de Magnani 1404 d\u00e9bute dans la Toscane du XVe si\u00e8cle, au cours duquel la premi\u00e8re papeterie artisanale fut inaugur\u00e9e au c\u0153ur d\u2019un moulin situ\u00e9 sur les berges de la rivi\u00e8re Pescia.","og_url":"https:\/\/www.magnani1404.com\/fr\/about\/magnani-1404\/","og_site_name":"Magnani 1404","article_modified_time":"2024-06-18T14:21:00+00:00","og_image":[{"width":1700,"height":2560,"url":"https:\/\/www.magnani1404.com\/app\/uploads\/2024\/01\/magnani1404-about-hero-engraving.jpg","type":"image\/jpeg"}],"twitter_card":"summary_large_image","twitter_misc":{"Dur\u00e9e de lecture estim\u00e9e":"1 minute"},"schema":{"@context":"https:\/\/schema.org","@graph":[{"@type":"WebPage","@id":"https:\/\/www.magnani1404.com\/fr\/about\/magnani-1404\/","url":"https:\/\/www.magnani1404.com\/fr\/about\/magnani-1404\/","name":"Magnani 1404\u00a0: de l\u2019histoire \u00e0 nos jours","isPartOf":{"@id":"https:\/\/www.magnani1404.com\/fr\/#website"},"primaryImageOfPage":{"@id":"https:\/\/www.magnani1404.com\/fr\/about\/magnani-1404\/#primaryimage"},"image":{"@id":"https:\/\/www.magnani1404.com\/fr\/about\/magnani-1404\/#primaryimage"},"thumbnailUrl":"https:\/\/www.magnani1404.com\/app\/uploads\/2024\/01\/magnani1404-about-hero-engraving.jpg","datePublished":"2024-01-04T17:23:13+00:00","dateModified":"2024-06-18T14:21:00+00:00","description":"L\u2019histoire de Magnani 1404 d\u00e9bute dans la Toscane du XVe si\u00e8cle, au cours duquel la premi\u00e8re papeterie artisanale fut inaugur\u00e9e au c\u0153ur d\u2019un moulin situ\u00e9 sur les berges de la rivi\u00e8re Pescia.","breadcrumb":{"@id":"https:\/\/www.magnani1404.com\/fr\/about\/magnani-1404\/#breadcrumb"},"inLanguage":"fr-FR","potentialAction":[{"@type":"ReadAction","target":["https:\/\/www.magnani1404.com\/fr\/about\/magnani-1404\/"]}]},{"@type":"ImageObject","inLanguage":"fr-FR","@id":"https:\/\/www.magnani1404.com\/fr\/about\/magnani-1404\/#primaryimage","url":"https:\/\/www.magnani1404.com\/app\/uploads\/2024\/01\/magnani1404-about-hero-engraving.jpg","contentUrl":"https:\/\/www.magnani1404.com\/app\/uploads\/2024\/01\/magnani1404-about-hero-engraving.jpg","width":1700,"height":2560},{"@type":"BreadcrumbList","@id":"https:\/\/www.magnani1404.com\/fr\/about\/magnani-1404\/#breadcrumb","itemListElement":[{"@type":"ListItem","position":1,"name":"Home","item":"https:\/\/www.magnani1404.com\/fr\/"},{"@type":"ListItem","position":2,"name":"Origines","item":"https:\/\/www.magnani1404.com\/fr\/about\/"},{"@type":"ListItem","position":3,"name":"Magnani 1404"}]},{"@type":"WebSite","@id":"https:\/\/www.magnani1404.com\/fr\/#website","url":"https:\/\/www.magnani1404.com\/fr\/","name":"Magnani 1404","description":"The very essence of fine arts paper","potentialAction":[{"@type":"SearchAction","target":{"@type":"EntryPoint","urlTemplate":"https:\/\/www.magnani1404.com\/fr\/?s={search_term_string}"},"query-input":{"@type":"PropertyValueSpecification","valueRequired":true,"valueName":"search_term_string"}}],"inLanguage":"fr-FR"}]}},"_links":{"self":[{"href":"https:\/\/www.magnani1404.com\/fr\/wp-json\/wp\/v2\/pages\/549","targetHints":{"allow":["GET"]}}],"collection":[{"href":"https:\/\/www.magnani1404.com\/fr\/wp-json\/wp\/v2\/pages"}],"about":[{"href":"https:\/\/www.magnani1404.com\/fr\/wp-json\/wp\/v2\/types\/page"}],"author":[{"embeddable":true,"href":"https:\/\/www.magnani1404.com\/fr\/wp-json\/wp\/v2\/users\/1"}],"replies":[{"embeddable":true,"href":"https:\/\/www.magnani1404.com\/fr\/wp-json\/wp\/v2\/comments?post=549"}],"version-history":[{"count":2,"href":"https:\/\/www.magnani1404.com\/fr\/wp-json\/wp\/v2\/pages\/549\/revisions"}],"predecessor-version":[{"id":1292,"href":"https:\/\/www.magnani1404.com\/fr\/wp-json\/wp\/v2\/pages\/549\/revisions\/1292"}],"up":[{"embeddable":true,"href":"https:\/\/www.magnani1404.com\/fr\/wp-json\/wp\/v2\/pages\/543"}],"wp:featuredmedia":[{"embeddable":true,"href":"https:\/\/www.magnani1404.com\/fr\/wp-json\/wp\/v2\/media\/350"}],"wp:attachment":[{"href":"https:\/\/www.magnani1404.com\/fr\/wp-json\/wp\/v2\/media?parent=549"}],"curies":[{"name":"wp","href":"https:\/\/api.w.org\/{rel}","templated":true}]}}